{"id":36,"date":"2016-06-27T09:39:08","date_gmt":"2016-06-27T09:39:08","guid":{"rendered":"http:\/\/www.tmgroup.de\/\/en\/?page_id=36"},"modified":"2025-11-12T12:14:40","modified_gmt":"2025-11-12T12:14:40","slug":"vehicle-construction","status":"publish","type":"page","link":"https:\/\/www.tmgroup.de\/en\/company\/vehicle-construction\/","title":{"rendered":"Vehicle Construction"},"content":{"rendered":"<h4>SFB Sch\u00f6nebecker Fahrzeugbau GmbH<\/h4>\n<p>In March 2008, the Sch\u00f6nebecker Fahrzeugbau (SFB) was separated from Sch\u00f6nebecker Maschinenbau (SMB) due to the rapid growth. Our production focus lies on steel, component and chassis construction.<\/p>\n<h4>Beyond the classic chassis construction<\/h4>\n<p>With the production of chassis, sheet metal and welding assemblies up to 50 tons, we operate independently within the broadly based TMGROUP group of companies. With us you can reliably plan your production for single components or small series, both strictly to our specifications and far beyond the classic vehicle construction. We also support our business partners in the field of system components, special chassis construction as well as in the equipment for special vehicle construction.<\/p>\n<h4>Complete solutions with growth potential<\/h4>\n<p>The 100 employees of the SFB Sch\u00f6nebecker Fahrzeugbau GmbH provide approx. 150,000 production hours per year and use a modern machine park for approximately 19,000 m\u00b2 of warehouse space. SFB also has further growth potential in line with its sister company SMB.<\/p>\n","protected":false},"excerpt":{"rendered":"<p>SFB Sch\u00f6nebecker Fahrzeugbau GmbH In March 2008, the Sch\u00f6nebecker Fahrzeugbau (SFB) was separated from Sch\u00f6nebecker Maschinenbau (SMB) due to the rapid growth. Our production focus lies on steel, component and chassis construction. Beyond the classic chassis construction With the production of chassis, sheet metal and welding assemblies up to 50 tons, we operate independently within &hellip; <a href=\"https:\/\/www.tmgroup.de\/en\/company\/vehicle-construction\/\">Continued<\/a><\/p>\n","protected":false},"author":1,"featured_media":0,"parent":26,"menu_order":3,"comment_status":"closed","ping_status":"closed","template":"template-unternehmen.php","meta":{"_acf_changed":false,"footnotes":""},"class_list":["post-36","page","type-page","status-publish","hentry"],"acf":[],"_links":{"self":[{"href":"https:\/\/www.tmgroup.de\/en\/wp-json\/wp\/v2\/pages\/36","targetHints":{"allow":["GET"]}}],"collection":[{"href":"https:\/\/www.tmgroup.de\/en\/wp-json\/wp\/v2\/pages"}],"about":[{"href":"https:\/\/www.tmgroup.de\/en\/wp-json\/wp\/v2\/types\/page"}],"author":[{"embeddable":true,"href":"https:\/\/www.tmgroup.de\/en\/wp-json\/wp\/v2\/users\/1"}],"replies":[{"embeddable":true,"href":"https:\/\/www.tmgroup.de\/en\/wp-json\/wp\/v2\/comments?post=36"}],"version-history":[{"count":23,"href":"https:\/\/www.tmgroup.de\/en\/wp-json\/wp\/v2\/pages\/36\/revisions"}],"predecessor-version":[{"id":4535,"href":"https:\/\/www.tmgroup.de\/en\/wp-json\/wp\/v2\/pages\/36\/revisions\/4535"}],"up":[{"embeddable":true,"href":"https:\/\/www.tmgroup.de\/en\/wp-json\/wp\/v2\/pages\/26"}],"wp:attachment":[{"href":"https:\/\/www.tmgroup.de\/en\/wp-json\/wp\/v2\/media?parent=36"}],"curies":[{"name":"wp","href":"https:\/\/api.w.org\/{rel}","templated":true}]}}